
{"id":22460,"date":"2025-08-12T12:38:07","date_gmt":"2025-08-12T10:38:07","guid":{"rendered":"https:\/\/varvaglione.com\/?page_id=22460"},"modified":"2025-08-20T12:46:27","modified_gmt":"2025-08-20T10:46:27","slug":"blog-category","status":"publish","type":"page","link":"https:\/\/varvaglione.com\/en\/blog-category\/","title":{"rendered":"Blog Category"},"content":{"rendered":"<div data-elementor-type=\"wp-page\" data-elementor-id=\"22460\" class=\"elementor elementor-22460\" data-elementor-post-type=\"page\">\n\t\t\t\t<div class=\"elementor-element elementor-element-758410e8 e-flex e-con-boxed e-con e-parent\" data-id=\"758410e8\" data-element_type=\"container\" data-settings=\"{&quot;background_background&quot;:&quot;classic&quot;,&quot;_ha_eqh_enable&quot;:false,&quot;ekit_has_onepagescroll_dot&quot;:&quot;yes&quot;}\" data-core-v316-plus=\"true\">\n\t\t\t\t\t<div class=\"e-con-inner\">\n\t\t\t\t<div class=\"elementor-element elementor-element-5e9d701b elementor-widget elementor-widget-text-editor\" data-id=\"5e9d701b\" data-element_type=\"widget\" data-settings=\"{&quot;ekit_we_effect_on&quot;:&quot;none&quot;}\" data-widget_type=\"text-editor.default\">\n\t\t\t\t<div class=\"elementor-widget-container\">\n\t\t\t<style>\/*! elementor - v3.20.0 - 26-03-2024 *\/\n.elementor-widget-text-editor.elementor-drop-cap-view-stacked .elementor-drop-cap{background-color:#69727d;color:#fff}.elementor-widget-text-editor.elementor-drop-cap-view-framed .elementor-drop-cap{color:#69727d;border:3px solid;background-color:transparent}.elementor-widget-text-editor:not(.elementor-drop-cap-view-default) .elementor-drop-cap{margin-top:8px}.elementor-widget-text-editor:not(.elementor-drop-cap-view-default) .elementor-drop-cap-letter{width:1em;height:1em}.elementor-widget-text-editor .elementor-drop-cap{float:left;text-align:center;line-height:1;font-size:50px}.elementor-widget-text-editor .elementor-drop-cap-letter{display:inline-block}<\/style>\t\t\t\t<p>BLOG<\/p>\t\t\t\t\t\t<\/div>\n\t\t\t\t<\/div>\n\t\t\t\t\t<\/div>\n\t\t\t\t<\/div>\n\t\t<div class=\"elementor-element elementor-element-9556074 e-flex e-con-boxed e-con e-parent\" data-id=\"9556074\" data-element_type=\"container\" data-settings=\"{&quot;_ha_eqh_enable&quot;:false,&quot;ekit_has_onepagescroll_dot&quot;:&quot;yes&quot;}\" data-core-v316-plus=\"true\">\n\t\t\t\t\t<div class=\"e-con-inner\">\n\t\t\t\t<div class=\"elementor-element elementor-element-de2d524 elementor-widget elementor-widget-text-editor\" data-id=\"de2d524\" data-element_type=\"widget\" data-settings=\"{&quot;ekit_we_effect_on&quot;:&quot;none&quot;}\" data-widget_type=\"text-editor.default\">\n\t\t\t\t<div class=\"elementor-widget-container\">\n\t\t\t\t\t\t\t<strong><a class=\"row-title\" style=\"color: #000000 !important;\" href=\"https:\/\/varvaglione.com\/en\/blog-category\/\" aria-label=\"\u201cBlog\u201d (Modifica)\">BLOG<\/a><\/strong> |<strong><a class=\"row-title\" style=\"color: #000000 !important;\" href=\"https:\/\/varvaglione.com\/en\/eventi-category\/\" aria-label=\"\u201cEventi\u201d (Modifica)\"> EVENTI <\/a><\/strong>| <strong><a class=\"row-title\" style=\"color: #000000 !important;\" href=\"https:\/\/varvaglione.com\/en\/premi-category\/\" aria-label=\"\u201cPremi\u201d (Modifica)\">AWARDS <\/a><\/strong>| <strong><a class=\"row-title\" style=\"color: #000000 !important;\" href=\"https:\/\/varvaglione.com\/en\/press-category\/\" aria-label=\"\u201cPress\u201d (Modifica)\">PRESS\u00a0<\/a><\/strong>\t\t\t\t\t\t<\/div>\n\t\t\t\t<\/div>\n\t\t\t\t<div class=\"elementor-element elementor-element-285231c elementor-grid-3 elementor-grid-tablet-2 elementor-grid-mobile-1 elementor-posts--thumbnail-top elementor-card-shadow-yes elementor-posts__hover-gradient elementor-widget elementor-widget-posts\" data-id=\"285231c\" data-element_type=\"widget\" data-settings=\"{&quot;cards_masonry&quot;:&quot;yes&quot;,&quot;pagination_type&quot;:&quot;prev_next&quot;,&quot;cards_columns&quot;:&quot;3&quot;,&quot;cards_columns_tablet&quot;:&quot;2&quot;,&quot;cards_columns_mobile&quot;:&quot;1&quot;,&quot;cards_row_gap&quot;:{&quot;unit&quot;:&quot;px&quot;,&quot;size&quot;:35,&quot;sizes&quot;:[]},&quot;cards_row_gap_tablet&quot;:{&quot;unit&quot;:&quot;px&quot;,&quot;size&quot;:&quot;&quot;,&quot;sizes&quot;:[]},&quot;cards_row_gap_mobile&quot;:{&quot;unit&quot;:&quot;px&quot;,&quot;size&quot;:&quot;&quot;,&quot;sizes&quot;:[]},&quot;ekit_we_effect_on&quot;:&quot;none&quot;}\" data-widget_type=\"posts.cards\">\n\t\t\t\t<div class=\"elementor-widget-container\">\n\t\t\t<link rel=\"stylesheet\" href=\"https:\/\/varvaglione.com\/wp-content\/plugins\/elementor-pro\/assets\/css\/widget-posts.min.css\">\t\t<div class=\"elementor-posts-container elementor-posts elementor-posts--skin-cards elementor-grid\">\n\t\t\t\t<article class=\"elementor-post elementor-grid-item post-23378 post type-post status-publish format-standard has-post-thumbnail hentry category-blog category-eventi\">\n\t\t\t<div class=\"elementor-post__card\">\n\t\t\t\t<a class=\"elementor-post__thumbnail__link\" href=\"https:\/\/varvaglione.com\/en\/prowein-2026\/\" tabindex=\"-1\" ><div class=\"elementor-post__thumbnail\"><img fetchpriority=\"high\" decoding=\"async\" width=\"300\" height=\"300\" src=\"https:\/\/varvaglione.com\/wp-content\/uploads\/2026\/02\/PROWEIN-Banner-e-mail-1-300x300.jpg\" class=\"attachment-medium size-medium wp-image-23383\" alt=\"PROWEIN 2026\" srcset=\"https:\/\/varvaglione.com\/wp-content\/uploads\/2026\/02\/PROWEIN-Banner-e-mail-1-300x300.jpg 300w, https:\/\/varvaglione.com\/wp-content\/uploads\/2026\/02\/PROWEIN-Banner-e-mail-1-1024x1024.jpg 1024w, https:\/\/varvaglione.com\/wp-content\/uploads\/2026\/02\/PROWEIN-Banner-e-mail-1-150x150.jpg 150w, https:\/\/varvaglione.com\/wp-content\/uploads\/2026\/02\/PROWEIN-Banner-e-mail-1-768x768.jpg 768w, https:\/\/varvaglione.com\/wp-content\/uploads\/2026\/02\/PROWEIN-Banner-e-mail-1-1536x1536.jpg 1536w, https:\/\/varvaglione.com\/wp-content\/uploads\/2026\/02\/PROWEIN-Banner-e-mail-1-12x12.jpg 12w, https:\/\/varvaglione.com\/wp-content\/uploads\/2026\/02\/PROWEIN-Banner-e-mail-1.jpg 1783w\" sizes=\"(max-width: 300px) 100vw, 300px\" \/><\/div><\/a>\n\t\t\t\t<div class=\"elementor-post__text\">\n\t\t\t\t<h3 class=\"elementor-post__title\">\n\t\t\t<a href=\"https:\/\/varvaglione.com\/en\/prowein-2026\/\" >\n\t\t\t\tVarvaglione 1921 at ProWein 2026 in D\u00fcsseldorf on 15th \u2013 17th March\t\t\t<\/a>\n\t\t<\/h3>\n\t\t\t\t<div class=\"elementor-post__excerpt\">\n\t\t\t<p class=\"translation-block\">ProWein 2026 is one of the main events in the wine &amp; spirits field all over the world. <strong>From 15th to 17th March 2026 Varvaglione is taking part to ProWein in D\u00fcsseldorf<\/strong>, at <strong>Hall 3 \u2013 Stand F38.<\/strong><\/p>\n\t\t<\/div>\n\t\t\n\t\t<a class=\"elementor-post__read-more\" href=\"https:\/\/varvaglione.com\/en\/prowein-2026\/\" aria-label=\"Read more about ProWein 2026 a D\u00fcsseldorf: Varvaglione 1921 ti aspetta dal 15 al 17 Marzo\" tabindex=\"-1\" >\n\t\t\tRead &gt;&gt;\t\t<\/a>\n\n\t\t\t\t<\/div>\n\t\t\t\t\t<\/div>\n\t\t<\/article>\n\t\t\t\t<article class=\"elementor-post elementor-grid-item post-23347 post type-post status-publish format-standard has-post-thumbnail hentry category-blog category-press\">\n\t\t\t<div class=\"elementor-post__card\">\n\t\t\t\t<a class=\"elementor-post__thumbnail__link\" href=\"https:\/\/varvaglione.com\/en\/wine-enthusiast-susumaniello\/\" tabindex=\"-1\" ><div class=\"elementor-post__thumbnail\"><img decoding=\"async\" width=\"300\" height=\"300\" src=\"https:\/\/varvaglione.com\/wp-content\/uploads\/2026\/01\/Varvaglione-Mockup-Quadrato-300x300.png\" class=\"attachment-medium size-medium wp-image-23350\" alt=\"Il riconoscimento di Wine Enthusiast nei confronti del Susumaniello di Varvaglione 1921\" srcset=\"https:\/\/varvaglione.com\/wp-content\/uploads\/2026\/01\/Varvaglione-Mockup-Quadrato-300x300.png 300w, https:\/\/varvaglione.com\/wp-content\/uploads\/2026\/01\/Varvaglione-Mockup-Quadrato-150x150.png 150w, https:\/\/varvaglione.com\/wp-content\/uploads\/2026\/01\/Varvaglione-Mockup-Quadrato-768x769.png 768w, https:\/\/varvaglione.com\/wp-content\/uploads\/2026\/01\/Varvaglione-Mockup-Quadrato-12x12.png 12w, https:\/\/varvaglione.com\/wp-content\/uploads\/2026\/01\/Varvaglione-Mockup-Quadrato.png 784w\" sizes=\"(max-width: 300px) 100vw, 300px\" \/><\/div><\/a>\n\t\t\t\t<div class=\"elementor-post__text\">\n\t\t\t\t<h3 class=\"elementor-post__title\">\n\t\t\t<a href=\"https:\/\/varvaglione.com\/en\/wine-enthusiast-susumaniello\/\" >\n\t\t\t\tSusumaniello: the Apulian grape variety that conquers the world and Wine Enthusiast celebrates Varvaglione\t\t\t<\/a>\n\t\t<\/h3>\n\t\t\t\t<div class=\"elementor-post__excerpt\">\n\t\t\t<p>Il riconoscimento di Wine Enthusiast nei confronti del Susumaniello di Varvaglione 1921. Il Susumaniello, vitigno autoctono della Puglia con radici nel Nord Salento, sta vivendo un vero e proprio rinascimento nel mondo del vino. <\/p>\n\t\t<\/div>\n\t\t\n\t\t<a class=\"elementor-post__read-more\" href=\"https:\/\/varvaglione.com\/en\/wine-enthusiast-susumaniello\/\" aria-label=\"Read more about Susumaniello: l\u2019autoctono pugliese conquista il mondo e Wine Enthusiast celebra Varvaglione\" tabindex=\"-1\" >\n\t\t\tRead &gt;&gt;\t\t<\/a>\n\n\t\t\t\t<\/div>\n\t\t\t\t\t<\/div>\n\t\t<\/article>\n\t\t\t\t<article class=\"elementor-post elementor-grid-item post-23296 post type-post status-publish format-standard has-post-thumbnail hentry category-blog category-eventi\">\n\t\t\t<div class=\"elementor-post__card\">\n\t\t\t\t<a class=\"elementor-post__thumbnail__link\" href=\"https:\/\/varvaglione.com\/en\/wine-paris-2026\/\" tabindex=\"-1\" ><div class=\"elementor-post__thumbnail\"><img decoding=\"async\" width=\"300\" height=\"300\" src=\"https:\/\/varvaglione.com\/wp-content\/uploads\/2026\/01\/Anteprima-Wine-Paris-2026-300x300.png\" class=\"attachment-medium size-medium wp-image-23300\" alt=\"Varvaglione al Wine Paris 2026\" srcset=\"https:\/\/varvaglione.com\/wp-content\/uploads\/2026\/01\/Anteprima-Wine-Paris-2026-300x300.png 300w, https:\/\/varvaglione.com\/wp-content\/uploads\/2026\/01\/Anteprima-Wine-Paris-2026-150x150.png 150w, https:\/\/varvaglione.com\/wp-content\/uploads\/2026\/01\/Anteprima-Wine-Paris-2026-12x12.png 12w, https:\/\/varvaglione.com\/wp-content\/uploads\/2026\/01\/Anteprima-Wine-Paris-2026.png 600w\" sizes=\"(max-width: 300px) 100vw, 300px\" \/><\/div><\/a>\n\t\t\t\t<div class=\"elementor-post__text\">\n\t\t\t\t<h3 class=\"elementor-post__title\">\n\t\t\t<a href=\"https:\/\/varvaglione.com\/en\/wine-paris-2026\/\" >\n\t\t\t\tVarvaglione 1921 at Wine Paris 2026 from 9th to 11th February\t\t\t<\/a>\n\t\t<\/h3>\n\t\t\t\t<div class=\"elementor-post__excerpt\">\n\t\t\t<p>It is always a great pleasure to go back to Paris and to find an international community interested in high quality wines.<\/p>\n\t\t<\/div>\n\t\t\n\t\t<a class=\"elementor-post__read-more\" href=\"https:\/\/varvaglione.com\/en\/wine-paris-2026\/\" aria-label=\"Read more about Varvaglione 1921 al Wine Paris 2026 dal 9 all\u201911 Febbraio\" tabindex=\"-1\" >\n\t\t\tRead &gt;&gt;\t\t<\/a>\n\n\t\t\t\t<\/div>\n\t\t\t\t\t<\/div>\n\t\t<\/article>\n\t\t\t\t<article class=\"elementor-post elementor-grid-item post-2146 post type-post status-publish format-standard has-post-thumbnail hentry category-blog\">\n\t\t\t<div class=\"elementor-post__card\">\n\t\t\t\t<a class=\"elementor-post__thumbnail__link\" href=\"https:\/\/varvaglione.com\/en\/i-vini-varvaglione-premiati-da-wine-enthusiast\/\" tabindex=\"-1\" ><div class=\"elementor-post__thumbnail\"><img loading=\"lazy\" decoding=\"async\" width=\"300\" height=\"300\" src=\"https:\/\/varvaglione.com\/wp-content\/uploads\/2024\/08\/4b-300x300.jpg\" class=\"attachment-medium size-medium wp-image-2147\" alt=\"\" srcset=\"https:\/\/varvaglione.com\/wp-content\/uploads\/2024\/08\/4b-300x300.jpg 300w, https:\/\/varvaglione.com\/wp-content\/uploads\/2024\/08\/4b-1024x1024.jpg 1024w, https:\/\/varvaglione.com\/wp-content\/uploads\/2024\/08\/4b-150x150.jpg 150w, https:\/\/varvaglione.com\/wp-content\/uploads\/2024\/08\/4b-768x768.jpg 768w, https:\/\/varvaglione.com\/wp-content\/uploads\/2024\/08\/4b-1536x1536.jpg 1536w, https:\/\/varvaglione.com\/wp-content\/uploads\/2024\/08\/4b.jpg 1600w\" sizes=\"(max-width: 300px) 100vw, 300px\" \/><\/div><\/a>\n\t\t\t\t<div class=\"elementor-post__text\">\n\t\t\t\t<h3 class=\"elementor-post__title\">\n\t\t\t<a href=\"https:\/\/varvaglione.com\/en\/i-vini-varvaglione-premiati-da-wine-enthusiast\/\" >\n\t\t\t\tVarvaglione Wines Awarded by Wine Enthusiast\t\t\t<\/a>\n\t\t<\/h3>\n\t\t\t\t<div class=\"elementor-post__excerpt\">\n\t\t\t<p>In the world of wine, receiving recognition from respected magazines like Wine Enthusiast is a milestone that highlights the quality and passion behind every bottle. We are proud to announce that three of our wines have received excellent scores from this prestigious publication.<\/p>\n\t\t<\/div>\n\t\t\n\t\t<a class=\"elementor-post__read-more\" href=\"https:\/\/varvaglione.com\/en\/i-vini-varvaglione-premiati-da-wine-enthusiast\/\" aria-label=\"Read more about I Vini Varvaglione Premiati da Wine Enthusiast\" tabindex=\"-1\" >\n\t\t\tRead &gt;&gt;\t\t<\/a>\n\n\t\t\t\t<\/div>\n\t\t\t\t\t<\/div>\n\t\t<\/article>\n\t\t\t\t<article class=\"elementor-post elementor-grid-item post-2143 post type-post status-publish format-standard has-post-thumbnail hentry category-blog\">\n\t\t\t<div class=\"elementor-post__card\">\n\t\t\t\t<a class=\"elementor-post__thumbnail__link\" href=\"https:\/\/varvaglione.com\/en\/vinitaly-2024-segnatevi-la-data-14-17-aprile\/\" tabindex=\"-1\" ><div class=\"elementor-post__thumbnail\"><img loading=\"lazy\" decoding=\"async\" width=\"300\" height=\"300\" src=\"https:\/\/varvaglione.com\/wp-content\/uploads\/2024\/03\/1080x1080-300x300.jpg\" class=\"attachment-medium size-medium wp-image-2144\" alt=\"\" srcset=\"https:\/\/varvaglione.com\/wp-content\/uploads\/2024\/03\/1080x1080-300x300.jpg 300w, https:\/\/varvaglione.com\/wp-content\/uploads\/2024\/03\/1080x1080-1024x1024.jpg 1024w, https:\/\/varvaglione.com\/wp-content\/uploads\/2024\/03\/1080x1080-150x150.jpg 150w, https:\/\/varvaglione.com\/wp-content\/uploads\/2024\/03\/1080x1080-768x768.jpg 768w, https:\/\/varvaglione.com\/wp-content\/uploads\/2024\/03\/1080x1080-1536x1536.jpg 1536w, https:\/\/varvaglione.com\/wp-content\/uploads\/2024\/03\/1080x1080-2048x2048.jpg 2048w\" sizes=\"(max-width: 300px) 100vw, 300px\" \/><\/div><\/a>\n\t\t\t\t<div class=\"elementor-post__text\">\n\t\t\t\t<h3 class=\"elementor-post__title\">\n\t\t\t<a href=\"https:\/\/varvaglione.com\/en\/vinitaly-2024-segnatevi-la-data-14-17-aprile\/\" >\n\t\t\t\tVinitaly 2024: Save the Date! April 14-17\t\t\t<\/a>\n\t\t<\/h3>\n\t\t\t\t<div class=\"elementor-post__excerpt\">\n\t\t\t<p>The wait is almost over: We will be in Verona from April 10 to 14, Hall 11 \u2013 Stand C3 \/ C4.<\/p>\n<p>We can\u2019t wait to see old friends again, meet wine enthusiasts, and welcome our loyal customers.<\/p>\n<p>Many new things await us\u2026 Among the main themes of the fair, special attention will be given to low-alcohol wines.\nAlso in this edition, Varvaglione will welcome you with the authentic charm of Puglia, as well as its visionary perspective.<\/p>\n<p>If you\u2019re curious to learn more, don\u2019t hesitate to come visit us!<\/p>\n\t\t<\/div>\n\t\t\n\t\t<a class=\"elementor-post__read-more\" href=\"https:\/\/varvaglione.com\/en\/vinitaly-2024-segnatevi-la-data-14-17-aprile\/\" aria-label=\"Read more about Vinitaly 2024: Segnatevi la Data! 14-17 Aprile\" tabindex=\"-1\" >\n\t\t\tRead &gt;&gt;\t\t<\/a>\n\n\t\t\t\t<\/div>\n\t\t\t\t\t<\/div>\n\t\t<\/article>\n\t\t\t\t<article class=\"elementor-post elementor-grid-item post-2141 post type-post status-publish format-standard has-post-thumbnail hentry category-blog\">\n\t\t\t<div class=\"elementor-post__card\">\n\t\t\t\t<a class=\"elementor-post__thumbnail__link\" href=\"https:\/\/varvaglione.com\/en\/prowein-save-the-date-10th-12th-march\/\" tabindex=\"-1\" ><div class=\"elementor-post__thumbnail\"><img loading=\"lazy\" decoding=\"async\" width=\"300\" height=\"300\" src=\"https:\/\/varvaglione.com\/wp-content\/uploads\/2024\/02\/1600x1600-300x300.jpg\" class=\"attachment-medium size-medium wp-image-2142\" alt=\"\" srcset=\"https:\/\/varvaglione.com\/wp-content\/uploads\/2024\/02\/1600x1600-300x300.jpg 300w, https:\/\/varvaglione.com\/wp-content\/uploads\/2024\/02\/1600x1600-1024x1024.jpg 1024w, https:\/\/varvaglione.com\/wp-content\/uploads\/2024\/02\/1600x1600-150x150.jpg 150w, https:\/\/varvaglione.com\/wp-content\/uploads\/2024\/02\/1600x1600-768x768.jpg 768w, https:\/\/varvaglione.com\/wp-content\/uploads\/2024\/02\/1600x1600-1536x1536.jpg 1536w, https:\/\/varvaglione.com\/wp-content\/uploads\/2024\/02\/1600x1600.jpg 1600w\" sizes=\"(max-width: 300px) 100vw, 300px\" \/><\/div><\/a>\n\t\t\t\t<div class=\"elementor-post__text\">\n\t\t\t\t<h3 class=\"elementor-post__title\">\n\t\t\t<a href=\"https:\/\/varvaglione.com\/en\/prowein-save-the-date-10th-12th-march\/\" >\n\t\t\t\tProWein: Save the Date! 10th-12th March\t\t\t<\/a>\n\t\t<\/h3>\n\t\t\t\t<div class=\"elementor-post__excerpt\">\n\t\t\t<p>And here we are at ProWein, the second most important trade fair of the year!\nWe will be in D\u00fcsseldorf from March 10 to 12, Hall 16 \u2013 F79.\nWe can\u2019t wait to see friends, wine lovers, and our loyal customers again.\u00a0<\/p>\n<p>Many new things\u2026 Among the main themes of the fair, a special focus will be dedicated to low- and no-alcohol wines.\nAlso this year, Varvaglione is pleased to welcome you with the most authentic face of Puglia, as well as its most visionary side.<\/p>\n\t\t<\/div>\n\t\t\n\t\t<a class=\"elementor-post__read-more\" href=\"https:\/\/varvaglione.com\/en\/prowein-save-the-date-10th-12th-march\/\" aria-label=\"Read more about ProWein: Save the Date! 10th-12th March\" tabindex=\"-1\" >\n\t\t\tRead &gt;&gt;\t\t<\/a>\n\n\t\t\t\t<\/div>\n\t\t\t\t\t<\/div>\n\t\t<\/article>\n\t\t\t\t<article class=\"elementor-post elementor-grid-item post-2139 post type-post status-publish format-standard has-post-thumbnail hentry category-blog\">\n\t\t\t<div class=\"elementor-post__card\">\n\t\t\t\t<a class=\"elementor-post__thumbnail__link\" href=\"https:\/\/varvaglione.com\/en\/wine-paris-con-varvaglione-1921\/\" tabindex=\"-1\" ><div class=\"elementor-post__thumbnail\"><img loading=\"lazy\" decoding=\"async\" width=\"300\" height=\"300\" src=\"https:\/\/varvaglione.com\/wp-content\/uploads\/2024\/01\/POST-WINE-PARIS-NL-POST-300x300.png\" class=\"attachment-medium size-medium wp-image-2140\" alt=\"\" srcset=\"https:\/\/varvaglione.com\/wp-content\/uploads\/2024\/01\/POST-WINE-PARIS-NL-POST-300x300.png 300w, https:\/\/varvaglione.com\/wp-content\/uploads\/2024\/01\/POST-WINE-PARIS-NL-POST-1024x1024.png 1024w, https:\/\/varvaglione.com\/wp-content\/uploads\/2024\/01\/POST-WINE-PARIS-NL-POST-150x150.png 150w, https:\/\/varvaglione.com\/wp-content\/uploads\/2024\/01\/POST-WINE-PARIS-NL-POST-768x768.png 768w, https:\/\/varvaglione.com\/wp-content\/uploads\/2024\/01\/POST-WINE-PARIS-NL-POST-1536x1536.png 1536w, https:\/\/varvaglione.com\/wp-content\/uploads\/2024\/01\/POST-WINE-PARIS-NL-POST-2048x2048.png 2048w\" sizes=\"(max-width: 300px) 100vw, 300px\" \/><\/div><\/a>\n\t\t\t\t<div class=\"elementor-post__text\">\n\t\t\t\t<h3 class=\"elementor-post__title\">\n\t\t\t<a href=\"https:\/\/varvaglione.com\/en\/wine-paris-con-varvaglione-1921\/\" >\n\t\t\t\tWINE PARIS WITH VARVAGLIONE 1921\t\t\t<\/a>\n\t\t<\/h3>\n\t\t\t\t<div class=\"elementor-post__excerpt\">\n\t\t\t<p>From Monday, February 12th to Wednesday, February 14th, we will be at Wine Paris!<\/p>\n<p>Non potevamo mancare al primo grande appuntamento del 2024 dedicato al mondo del Wine&#038;Spirits, il Wine Paris &#038; Vinexpo nel quartiere di Paris Expo Porte de Versailles. Si tratta dell\u2019evento principale del gruppo Vinexposium che, negli anni, ha visto una crescita notevole. Per l\u2019edizione 2024 l\u2019Italia occuper\u00e0 il 40% di superficie in pi\u00f9 e per la prima volta a Parigi sar\u00e0 ospitata in un intero padiglione.<\/p>\n\t\t<\/div>\n\t\t\n\t\t<a class=\"elementor-post__read-more\" href=\"https:\/\/varvaglione.com\/en\/wine-paris-con-varvaglione-1921\/\" aria-label=\"Read more about WINE PARIS CON VARVAGLIONE 1921\" tabindex=\"-1\" >\n\t\t\tRead &gt;&gt;\t\t<\/a>\n\n\t\t\t\t<\/div>\n\t\t\t\t\t<\/div>\n\t\t<\/article>\n\t\t\t\t<article class=\"elementor-post elementor-grid-item post-2137 post type-post status-publish format-standard has-post-thumbnail hentry category-blog\">\n\t\t\t<div class=\"elementor-post__card\">\n\t\t\t\t<a class=\"elementor-post__thumbnail__link\" href=\"https:\/\/varvaglione.com\/en\/varvaglione-for-the-ocean\/\" tabindex=\"-1\" ><div class=\"elementor-post__thumbnail\"><img loading=\"lazy\" decoding=\"async\" width=\"300\" height=\"300\" src=\"https:\/\/varvaglione.com\/wp-content\/uploads\/2023\/06\/linkedin_con-scritte-1-300x300.png\" class=\"attachment-medium size-medium wp-image-2138\" alt=\"\" srcset=\"https:\/\/varvaglione.com\/wp-content\/uploads\/2023\/06\/linkedin_con-scritte-1-300x300.png 300w, https:\/\/varvaglione.com\/wp-content\/uploads\/2023\/06\/linkedin_con-scritte-1-1024x1024.png 1024w, https:\/\/varvaglione.com\/wp-content\/uploads\/2023\/06\/linkedin_con-scritte-1-150x150.png 150w, https:\/\/varvaglione.com\/wp-content\/uploads\/2023\/06\/linkedin_con-scritte-1-768x768.png 768w, https:\/\/varvaglione.com\/wp-content\/uploads\/2023\/06\/linkedin_con-scritte-1-1536x1536.png 1536w, https:\/\/varvaglione.com\/wp-content\/uploads\/2023\/06\/linkedin_con-scritte-1.png 1600w\" sizes=\"(max-width: 300px) 100vw, 300px\" \/><\/div><\/a>\n\t\t\t\t<div class=\"elementor-post__text\">\n\t\t\t\t<h3 class=\"elementor-post__title\">\n\t\t\t<a href=\"https:\/\/varvaglione.com\/en\/varvaglione-for-the-ocean\/\" >\n\t\t\t\tVarvaglione for the Ocean\t\t\t<\/a>\n\t\t<\/h3>\n\t\t\t\t<div class=\"elementor-post__excerpt\">\n\t\t\t<p>\"What we do is but a drop in the ocean, but if we didn't do it, the ocean would have one less drop.\" Mother Teresa of Calcutta<\/p>\n<p>Our production philosophy has always placed the environment and sustainability at its core. Ours is a small gesture to protect our Oceans and seas, thanks to the new stopper, used to seal our MARGRANDE Fiano del Salento, by NomacorcOcean. This stopper is produced from recycled plastic that pollutes the oceans of Southeast Asia. MARGRANDE strengthens our connection with the sea and protects the environment, our home and everyone's home.<\/p>\n\t\t<\/div>\n\t\t\n\t\t<a class=\"elementor-post__read-more\" href=\"https:\/\/varvaglione.com\/en\/varvaglione-for-the-ocean\/\" aria-label=\"Read more about Varvaglione for the Ocean\" tabindex=\"-1\" >\n\t\t\tRead &gt;&gt;\t\t<\/a>\n\n\t\t\t\t<\/div>\n\t\t\t\t\t<\/div>\n\t\t<\/article>\n\t\t\t\t<article class=\"elementor-post elementor-grid-item post-2136 post type-post status-publish format-standard has-post-thumbnail hentry category-blog\">\n\t\t\t<div class=\"elementor-post__card\">\n\t\t\t\t<a class=\"elementor-post__thumbnail__link\" href=\"https:\/\/varvaglione.com\/en\/paralupi-lappassimento-varvaglione\/\" tabindex=\"-1\" ><div class=\"elementor-post__thumbnail\"><img loading=\"lazy\" decoding=\"async\" width=\"300\" height=\"143\" src=\"https:\/\/varvaglione.com\/wp-content\/uploads\/2018\/07\/banner2-1-1-300x143.jpg\" class=\"attachment-medium size-medium wp-image-2023\" alt=\"\" srcset=\"https:\/\/varvaglione.com\/wp-content\/uploads\/2018\/07\/banner2-1-1-300x143.jpg 300w, https:\/\/varvaglione.com\/wp-content\/uploads\/2018\/07\/banner2-1-1-768x366.jpg 768w, https:\/\/varvaglione.com\/wp-content\/uploads\/2018\/07\/banner2-1-1.jpg 855w\" sizes=\"(max-width: 300px) 100vw, 300px\" \/><\/div><\/a>\n\t\t\t\t<div class=\"elementor-post__text\">\n\t\t\t\t<h3 class=\"elementor-post__title\">\n\t\t\t<a href=\"https:\/\/varvaglione.com\/en\/paralupi-lappassimento-varvaglione\/\" >\n\t\t\t\tPARALUPI, the Varvaglione appassimento\t\t\t<\/a>\n\t\t<\/h3>\n\t\t\t\t<div class=\"elementor-post__excerpt\">\n\t\t\t<p class=\"translation-block\">A unique new wine is born for the winery: Paralupi is a passito red wine, made from grapes that wither on the vine for about 20 days. It's a calculated risk taken by the careful producer who entrusts the success of the project to the climate and weather conditions. In the vineyard, measures of protection and care are applied to the grapes, allowing them to express themselves with extreme elegance.<\/p>\n\t\t<\/div>\n\t\t\n\t\t<a class=\"elementor-post__read-more\" href=\"https:\/\/varvaglione.com\/en\/paralupi-lappassimento-varvaglione\/\" aria-label=\"Read more about PARALUPI, l\u2019appassimento Varvaglione\" tabindex=\"-1\" >\n\t\t\tRead &gt;&gt;\t\t<\/a>\n\n\t\t\t\t<\/div>\n\t\t\t\t\t<\/div>\n\t\t<\/article>\n\t\t\t\t<\/div>\n\t\t\n\t\t\t\t<div class=\"e-load-more-anchor\" data-page=\"1\" data-max-page=\"10\" data-next-page=\"https:\/\/varvaglione.com\/en\/wp-json\/wp\/v2\/pages\/22460\/page\/2\/\"><\/div>\n\t\t\t\t<nav class=\"elementor-pagination\" aria-label=\"Pagination\">\n\t\t\t<span class=\"page-numbers prev\">\u00ab Previous<\/span>\n<a class=\"page-numbers next\" href=\"https:\/\/varvaglione.com\/en\/wp-json\/wp\/v2\/pages\/22460\/page\/2\/\">Next \u00bb<\/a>\t\t<\/nav>\n\t\t\t\t<\/div>\n\t\t\t\t<\/div>\n\t\t\t\t\t<\/div>\n\t\t\t\t<\/div>\n\t\t\t\t<\/div>","protected":false},"excerpt":{"rendered":"<p>BLOG BLOG | EVENTI | PREMI | PRESS\u00a0<\/p>","protected":false},"author":3,"featured_media":0,"parent":0,"menu_order":0,"comment_status":"closed","ping_status":"closed","template":"","meta":{"footnotes":""},"class_list":["post-22460","page","type-page","status-publish","hentry"],"_links":{"self":[{"href":"https:\/\/varvaglione.com\/en\/wp-json\/wp\/v2\/pages\/22460","targetHints":{"allow":["GET"]}}],"collection":[{"href":"https:\/\/varvaglione.com\/en\/wp-json\/wp\/v2\/pages"}],"about":[{"href":"https:\/\/varvaglione.com\/en\/wp-json\/wp\/v2\/types\/page"}],"author":[{"embeddable":true,"href":"https:\/\/varvaglione.com\/en\/wp-json\/wp\/v2\/users\/3"}],"replies":[{"embeddable":true,"href":"https:\/\/varvaglione.com\/en\/wp-json\/wp\/v2\/comments?post=22460"}],"version-history":[{"count":10,"href":"https:\/\/varvaglione.com\/en\/wp-json\/wp\/v2\/pages\/22460\/revisions"}],"predecessor-version":[{"id":22885,"href":"https:\/\/varvaglione.com\/en\/wp-json\/wp\/v2\/pages\/22460\/revisions\/22885"}],"wp:attachment":[{"href":"https:\/\/varvaglione.com\/en\/wp-json\/wp\/v2\/media?parent=22460"}],"curies":[{"name":"wp","href":"https:\/\/api.w.org\/{rel}","templated":true}]}}